{"id":211734,"date":"2024-12-04T11:06:44","date_gmt":"2024-12-04T10:06:44","guid":{"rendered":"https:\/\/institut-tamis.rs\/?page_id=211734"},"modified":"2025-02-20T14:47:17","modified_gmt":"2025-02-20T13:47:17","slug":"uprava-instituta","status":"publish","type":"page","link":"https:\/\/institut-tamis.rs\/en\/uprava-instituta\/","title":{"rendered":"Institute Management"},"content":{"rendered":"<p>[et_pb_section fb_built=&#8220;1&#8243; _builder_version=&#8220;4.16&#8243; _module_preset=&#8220;default&#8220; background_color=&#8220;#95aac8&#8243; custom_padding=&#8220;57px|||||&#8220; global_colors_info=&#8220;{}&#8220;][et_pb_row _builder_version=&#8220;4.16&#8243; _module_preset=&#8220;default&#8220; global_colors_info=&#8220;{}&#8220;][et_pb_column type=&#8220;4_4&#8243; _builder_version=&#8220;4.16&#8243; _module_preset=&#8220;default&#8220; global_colors_info=&#8220;{}&#8220;][et_pb_text _builder_version=&#8220;4.25.0&#8243; _module_preset=&#8220;default&#8220; header_font=&#8220;|700|||||||&#8220; header_text_color=&#8220;#FFFFFF&#8220; header_font_size=&#8220;56px&#8220; global_colors_info=&#8220;{}&#8220;]<\/p>\n<h1>Uprava Instituta<\/h1>\n<p>[\/et_pb_text][\/et_pb_column][\/et_pb_row][\/et_pb_section][et_pb_section fb_built=&#8220;1&#8243; _builder_version=&#8220;4.25.0&#8243; _module_preset=&#8220;default&#8220; global_colors_info=&#8220;{}&#8220;][et_pb_row _builder_version=&#8220;4.25.0&#8243; _module_preset=&#8220;default&#8220; global_colors_info=&#8220;{}&#8220;][et_pb_column type=&#8220;4_4&#8243; _builder_version=&#8220;4.25.0&#8243; _module_preset=&#8220;default&#8220; global_colors_info=&#8220;{}&#8220;][et_pb_text _builder_version=&#8220;4.25.0&#8243; _module_preset=&#8220;default&#8220; custom_margin=&#8220;||10px|||&#8220; hover_enabled=&#8220;0&#8243; border_color_bottom=&#8220;#91adc1&#8243; global_colors_info=&#8220;{}&#8220; sticky_enabled=&#8220;0&#8243;]<\/p>\n<ul>\n<li><span style=\"font-weight: 400;\"><strong>Dr Dejan Petrovi\u0107 &#8211; Predsednik<\/strong>, redovni profesor, Univerzitet u Beogradu, Fakultet organizacionih nauka<\/span><\/li>\n<li><span style=\"font-weight: 400;\"><strong>Dr Danica Mi\u0107anovi\u0107 &#8211; \u010dlan<\/strong>, nau\u010dni savetnik, Privredna komora Srbije<\/span><\/li>\n<li><span style=\"font-weight: 400;\"><strong>Dr Ivan Piljan &#8211; \u010dlan<\/strong>, vanredni profesor, Visoka \u0161kola za poslovnu ekonomiju i preduzetni\u0161tvo, Beograd<\/span><\/li>\n<li style=\"font-weight: 400;\" aria-level=\"1\"><span style=\"font-weight: 400;\"><strong>Dr Aleksandar \u0110or\u0111evi\u0107 &#8211; \u010dlan<\/strong>, nau\u010dni saradnik, Institut za uporedno pravo, Beograd<\/span><\/li>\n<li style=\"font-weight: 400;\" aria-level=\"1\"><span style=\"font-weight: 400;\"><strong>Dr Violeta Mickovski Stefanovi\u0107 &#8211; \u010dlan<\/strong>, nau\u010dni saradnik, Istra\u017eiva\u010dko-razvojni institut \u201cTami\u0161\u201d, Pan\u010devo<\/span><\/li>\n<li style=\"font-weight: 400;\" aria-level=\"1\"><span style=\"font-weight: 400;\"><strong>Dr Mirela Matkovi\u0107 Stoj\u0161in &#8211; \u010dlan<\/strong>, nau\u010dni saradnik, Istra\u017eiva\u010dko-razvojni institut \u201cTami\u0161\u201d, Pan\u010devo<\/span><span style=\"font-weight: 400;\"><\/span><\/li>\n<\/ul>\n<p>[\/et_pb_text][et_pb_divider color=&#8220;#95aac8&#8243; _builder_version=&#8220;4.25.0&#8243; _module_preset=&#8220;default&#8220; width=&#8220;81%&#8220; custom_margin=&#8220;||0px||false|false&#8220; hover_enabled=&#8220;0&#8243; global_colors_info=&#8220;{}&#8220; sticky_enabled=&#8220;0&#8243; locked=&#8220;off&#8220; divider_weight=&#8220;3px&#8220;][\/et_pb_divider][et_pb_text _builder_version=&#8220;4.25.0&#8243; _module_preset=&#8220;default&#8220; global_colors_info=&#8220;{}&#8220;]<\/p>\n<ul>\n<li aria-level=\"1\"><span><strong>Dr Svetlana Roljevi\u0107 Nikoli\u0107 \u2013 Direktor Instituta,<\/strong><\/span><span> nau\u010dni savetnik, Istra\u017eiva\u010dko-razvojni institut \u201cTami\u0161\u201d, Pan\u010devo<\/span><\/li>\n<\/ul>\n<p>[\/et_pb_text][\/et_pb_column][\/et_pb_row][\/et_pb_section][et_pb_section fb_built=&#8220;1&#8243; _builder_version=&#8220;4.14.7&#8243; _module_preset=&#8220;default&#8220; background_color=&#8220;#333a4b&#8220; custom_padding=&#8220;||0px|||&#8220; global_module=&#8220;208285&#8243; saved_tabs=&#8220;all&#8220; global_colors_info=&#8220;{}&#8220;][et_pb_row column_structure=&#8220;1_4,1_4,1_4,1_4&#8243; _builder_version=&#8220;4.16&#8243; _module_preset=&#8220;default&#8220; global_colors_info=&#8220;{}&#8220;][et_pb_column type=&#8220;1_4&#8243; _builder_version=&#8220;4.16&#8243; _module_preset=&#8220;default&#8220; global_colors_info=&#8220;{}&#8220;][et_pb_image src=&#8220;https:\/\/institut-tamis.rs\/wp-content\/uploads\/2022\/12\/institut-tamis-logo-novi-bela-pozadina-web.png&#8220; alt=&#8220;Logotip instituta Tami\u0161&#8220; title_text=&#8220;institut-tamis-logo-novi-bela-pozadina-web&#8220; _builder_version=&#8220;4.16&#8243; _module_preset=&#8220;default&#8220; global_colors_info=&#8220;{}&#8220;][\/et_pb_image][et_pb_text _builder_version=&#8220;4.16&#8243; _module_preset=&#8220;default&#8220; text_font=&#8220;|300|||||||&#8220; text_line_height=&#8220;1.2em&#8220; background_layout=&#8220;dark&#8220; global_colors_info=&#8220;{}&#8220;]<\/p>\n<p>PIB: 101052223<\/p>\n<p>MB: 08047642<\/p>\n<p>[\/et_pb_text][\/et_pb_column][et_pb_column type=&#8220;1_4&#8243; _builder_version=&#8220;4.16&#8243; _module_preset=&#8220;default&#8220; global_colors_info=&#8220;{}&#8220;][et_pb_text _builder_version=&#8220;4.16&#8243; _module_preset=&#8220;default&#8220; text_font=&#8220;|700||on|||||&#8220; text_text_color=&#8220;#FFFFFF&#8220; custom_margin=&#8220;||10px||false|false&#8220; global_colors_info=&#8220;{}&#8220;]<\/p>\n<p>Resorno Ministarstvo<\/p>\n<p>[\/et_pb_text][et_pb_divider color=&#8220;#95aac8&#8243; divider_weight=&#8220;3px&#8220; _builder_version=&#8220;4.16&#8243; _module_preset=&#8220;default&#8220; width=&#8220;50px&#8220; custom_margin=&#8220;||5px||false|false&#8220; global_colors_info=&#8220;{}&#8220;][\/et_pb_divider][et_pb_text _builder_version=&#8220;4.16&#8243; _module_preset=&#8220;default&#8220; text_font=&#8220;|300|||||||&#8220; text_line_height=&#8220;1em&#8220; link_text_color=&#8220;#FFFFFF&#8220; background_layout=&#8220;dark&#8220; global_colors_info=&#8220;{}&#8220; link_text_color__hover_enabled=&#8220;on|hover&#8220; link_text_color__hover=&#8220;#0C71C3&#8243;]<\/p>\n<p><a href=\"https:\/\/www.nitra.gov.rs\/\">Ministarstvo nauke, tehnolo\u0161kog razvoja i inovacija<\/a><\/p>\n<p>[\/et_pb_text][\/et_pb_column][et_pb_column type=&#8220;1_4&#8243; _builder_version=&#8220;4.16&#8243; _module_preset=&#8220;default&#8220; global_colors_info=&#8220;{}&#8220;][et_pb_text _builder_version=&#8220;4.16&#8243; _module_preset=&#8220;default&#8220; text_font=&#8220;|700||on|||||&#8220; text_text_color=&#8220;#FFFFFF&#8220; custom_margin=&#8220;||10px||false|false&#8220; global_colors_info=&#8220;{}&#8220;]<\/p>\n<p>Kontaktirajte<br \/>Nas<\/p>\n<p>[\/et_pb_text][et_pb_divider color=&#8220;#95aac8&#8243; divider_weight=&#8220;3px&#8220; _builder_version=&#8220;4.16&#8243; _module_preset=&#8220;default&#8220; width=&#8220;50px&#8220; custom_margin=&#8220;||5px||false|false&#8220; global_colors_info=&#8220;{}&#8220;][\/et_pb_divider][dsm_icon_list icon_color=&#8220;#95aac8&#8243; list_space_between=&#8220;4px&#8220; _builder_version=&#8220;4.16&#8243; _module_preset=&#8220;default&#8220; global_colors_info=&#8220;{}&#8220;][dsm_icon_list_child text=&#8220;+381 13 313 092&#8243; font_icon=&#8220;&#xe090;||divi||400&#8243; icon_color=&#8220;#95aac8&#8243; url=&#8220;tel:+38113313092&#8243; _builder_version=&#8220;4.16&#8243; _module_preset=&#8220;default&#8220; text_font=&#8220;|300|||||||&#8220; text_text_color=&#8220;#FFFFFF&#8220; global_colors_info=&#8220;{}&#8220;][\/dsm_icon_list_child][dsm_icon_list_child text=&#8220;+381 13 373 002&#8243; font_icon=&#8220;&#xe090;||divi||400&#8243; icon_color=&#8220;#95aac8&#8243; url=&#8220;tel:+38113373002&#8243; _builder_version=&#8220;4.16&#8243; _module_preset=&#8220;default&#8220; text_font=&#8220;|300|||||||&#8220; text_text_color=&#8220;#FFFFFF&#8220; global_colors_info=&#8220;{}&#8220;][\/dsm_icon_list_child][dsm_icon_list_child text=&#8220;office@institut-tamis.rs&#8220; font_icon=&#8220;&#xe010;||divi||400&#8243; icon_color=&#8220;#95aac8&#8243; url=&#8220;mailto:office@institut-tamis.rs&#8220; _builder_version=&#8220;4.16&#8243; _module_preset=&#8220;default&#8220; text_font=&#8220;|300|||||||&#8220; text_text_color=&#8220;#FFFFFF&#8220; global_colors_info=&#8220;{}&#8220;][\/dsm_icon_list_child][dsm_icon_list_child text=&#8220;Novoseljanski put 33, Pan\u010devo&#8220; font_icon=&#8220;&#xe081;||divi||400&#8243; icon_color=&#8220;#95aac8&#8243; _builder_version=&#8220;4.16&#8243; _module_preset=&#8220;default&#8220; text_font=&#8220;|300|||||||&#8220; text_text_color=&#8220;#FFFFFF&#8220; global_colors_info=&#8220;{}&#8220;][\/dsm_icon_list_child][dsm_icon_list_child text=&#8220;Pon-Pet: 07:00-15:00&#8243; font_icon=&#8220;&#x7d;||divi||400&#8243; icon_color=&#8220;#95aac8&#8243; _builder_version=&#8220;4.16&#8243; _module_preset=&#8220;default&#8220; text_font=&#8220;|300|||||||&#8220; text_text_color=&#8220;#FFFFFF&#8220; global_colors_info=&#8220;{}&#8220;][\/dsm_icon_list_child][\/dsm_icon_list][\/et_pb_column][et_pb_column type=&#8220;1_4&#8243; _builder_version=&#8220;4.16&#8243; _module_preset=&#8220;default&#8220; global_colors_info=&#8220;{}&#8220;][et_pb_image src=&#8220;https:\/\/institut-tamis.rs\/wp-content\/uploads\/2022\/01\/Institut-Tamis\u030c-Republika-Srbija.png&#8220; title_text=&#8220;Institut Tamis\u030c &#8211; Republika Srbija&#8220; align=&#8220;right&#8220; _builder_version=&#8220;4.16&#8243; _module_preset=&#8220;default&#8220; global_colors_info=&#8220;{}&#8220;][\/et_pb_image][\/et_pb_column][\/et_pb_row][et_pb_row _builder_version=&#8220;4.16&#8243; _module_preset=&#8220;default&#8220; border_width_top=&#8220;1px&#8220; border_color_top=&#8220;rgba(255,255,255,0.13)&#8220; global_colors_info=&#8220;{}&#8220;][et_pb_column type=&#8220;4_4&#8243; _builder_version=&#8220;4.16&#8243; _module_preset=&#8220;default&#8220; global_colors_info=&#8220;{}&#8220;][et_pb_text _builder_version=&#8220;4.16&#8243; _module_preset=&#8220;default&#8220; text_font=&#8220;|300|||||||&#8220; text_text_color=&#8220;#FFFFFF&#8220; text_orientation=&#8220;center&#8220; global_colors_info=&#8220;{}&#8220;]<\/p>\n<p>Copyright \u00a92022. PSS Institut Tami\u0161 Pan\u010devo. All rights reserved | Izrada Web sajtova &#8211; Web servis naKlik<\/p>\n<p>[\/et_pb_text][\/et_pb_column][\/et_pb_row][\/et_pb_section]<\/p>\n","protected":false},"excerpt":{"rendered":"<p>Uprava Instituta Dr Dejan Petrovi\u0107 &#8211; Predsednik, redovni profesor, Univerzitet u Beogradu, Fakultet organizacionih nauka Dr Danica Mi\u0107anovi\u0107 &#8211; \u010dlan, nau\u010dni savetnik, Privredna komora Srbije Dr Ivan Piljan &#8211; \u010dlan, vanredni profesor, Visoka \u0161kola za poslovnu ekonomiju i preduzetni\u0161tvo, Beograd Dr Aleksandar \u0110or\u0111evi\u0107 &#8211; \u010dlan, nau\u010dni saradnik, Institut za uporedno pravo, Beograd Dr Violeta Mickovski [&hellip;]<\/p>\n","protected":false},"author":5,"featured_media":0,"parent":0,"menu_order":0,"comment_status":"closed","ping_status":"closed","template":"","meta":{"_et_pb_use_builder":"on","_et_pb_old_content":"","_et_gb_content_width":"","footnotes":""},"dipi_cpt_category":[],"class_list":["post-211734","page","type-page","status-publish","hentry"],"rttpg_featured_image_url":null,"rttpg_author":{"display_name":"Aleksa Bla\u017ei\u0107","author_link":"https:\/\/institut-tamis.rs\/en\/author\/aleksa\/"},"rttpg_comment":0,"rttpg_category":false,"rttpg_excerpt":"Uprava Instituta Dr Dejan Petrovi\u0107 - Predsednik, redovni profesor, Univerzitet u Beogradu, Fakultet organizacionih nauka Dr Danica Mi\u0107anovi\u0107 - \u010dlan, nau\u010dni savetnik, Privredna komora Srbije Dr Ivan Piljan - \u010dlan, vanredni profesor, Visoka \u0161kola za poslovnu ekonomiju i preduzetni\u0161tvo, Beograd Dr Aleksandar \u0110or\u0111evi\u0107 - \u010dlan, nau\u010dni saradnik, Institut za uporedno pravo, Beograd Dr Violeta Mickovski&hellip;","_links":{"self":[{"href":"https:\/\/institut-tamis.rs\/en\/wp-json\/wp\/v2\/pages\/211734","targetHints":{"allow":["GET"]}}],"collection":[{"href":"https:\/\/institut-tamis.rs\/en\/wp-json\/wp\/v2\/pages"}],"about":[{"href":"https:\/\/institut-tamis.rs\/en\/wp-json\/wp\/v2\/types\/page"}],"author":[{"embeddable":true,"href":"https:\/\/institut-tamis.rs\/en\/wp-json\/wp\/v2\/users\/5"}],"replies":[{"embeddable":true,"href":"https:\/\/institut-tamis.rs\/en\/wp-json\/wp\/v2\/comments?post=211734"}],"version-history":[{"count":12,"href":"https:\/\/institut-tamis.rs\/en\/wp-json\/wp\/v2\/pages\/211734\/revisions"}],"predecessor-version":[{"id":211782,"href":"https:\/\/institut-tamis.rs\/en\/wp-json\/wp\/v2\/pages\/211734\/revisions\/211782"}],"wp:attachment":[{"href":"https:\/\/institut-tamis.rs\/en\/wp-json\/wp\/v2\/media?parent=211734"}],"wp:term":[{"taxonomy":"dipi_cpt_category","embeddable":true,"href":"https:\/\/institut-tamis.rs\/en\/wp-json\/wp\/v2\/dipi_cpt_category?post=211734"}],"curies":[{"name":"wp","href":"https:\/\/api.w.org\/{rel}","templated":true}]}}