{"id":209815,"date":"2022-02-23T15:36:48","date_gmt":"2022-02-23T14:36:48","guid":{"rendered":"https:\/\/www.institut-tamis.rs\/?page_id=209815"},"modified":"2022-02-23T15:36:49","modified_gmt":"2022-02-23T14:36:49","slug":"pis-tamis","status":"publish","type":"page","link":"https:\/\/institut-tamis.rs\/en\/pis-tamis\/","title":{"rendered":"PIS"},"content":{"rendered":"<p>[et_pb_section fb_built=&#8220;1&#8243; _builder_version=&#8220;4.14.7&#8243; _module_preset=&#8220;default&#8220; background_color=&#8220;#95aac8&#8243; global_colors_info=&#8220;{}&#8220;][et_pb_row _builder_version=&#8220;4.14.7&#8243; _module_preset=&#8220;default&#8220; global_colors_info=&#8220;{}&#8220;][et_pb_column type=&#8220;4_4&#8243; _builder_version=&#8220;4.14.7&#8243; _module_preset=&#8220;default&#8220; global_colors_info=&#8220;{}&#8220;][et_pb_text _builder_version=&#8220;4.14.7&#8243; _module_preset=&#8220;default&#8220; header_font=&#8220;|700|||||||&#8220; header_text_color=&#8220;#FFFFFF&#8220; header_font_size=&#8220;56px&#8220; global_colors_info=&#8220;{}&#8220;]<\/p>\n<h1>Prognozno izve\u0161tajna slu\u017eba<\/h1>\n<p>[\/et_pb_text][\/et_pb_column][\/et_pb_row][\/et_pb_section][et_pb_section fb_built=&#8220;1&#8243; theme_builder_area=&#8220;post_content&#8220; _builder_version=&#8220;4.14.7&#8243; _module_preset=&#8220;default&#8220;][et_pb_row _builder_version=&#8220;4.14.7&#8243; _module_preset=&#8220;default&#8220; theme_builder_area=&#8220;post_content&#8220;][et_pb_column _builder_version=&#8220;4.14.7&#8243; _module_preset=&#8220;default&#8220; type=&#8220;4_4&#8243; theme_builder_area=&#8220;post_content&#8220;][et_pb_blog _builder_version=&#8220;4.14.7&#8243; _module_preset=&#8220;default&#8220; theme_builder_area=&#8220;post_content&#8220; include_categories=&#8220;217&#8243; fullwidth=&#8220;off&#8220; show_author=&#8220;off&#8220; excerpt_length=&#8220;100&#8243; hover_enabled=&#8220;0&#8243; sticky_enabled=&#8220;0&#8243;][\/et_pb_blog][\/et_pb_column][\/et_pb_row][\/et_pb_section][et_pb_section fb_built=&#8220;1&#8243; _builder_version=&#8220;4.14.7&#8243; _module_preset=&#8220;default&#8220; background_color=&#8220;#333a4b&#8220; custom_padding=&#8220;||0px|||&#8220; global_module=&#8220;208285&#8243; saved_tabs=&#8220;all&#8220; global_colors_info=&#8220;{}&#8220;][et_pb_row column_structure=&#8220;1_4,1_4,1_4,1_4&#8243; _builder_version=&#8220;4.14.7&#8243; _module_preset=&#8220;default&#8220; global_colors_info=&#8220;{}&#8220;][et_pb_column type=&#8220;1_4&#8243; _builder_version=&#8220;4.14.7&#8243; _module_preset=&#8220;default&#8220; global_colors_info=&#8220;{}&#8220;][et_pb_image src=&#8220;https:\/\/institut-tamis.rs\/wp-content\/uploads\/2022\/02\/PSS-Institut-Tamis\u030c-logo-zeleni.png&#8220; alt=&#8220;Logotip instituta Tami\u0161&#8220; title_text=&#8220;PSS-Institut-Tamis\u030c-logo-zeleni&#8220; _builder_version=&#8220;4.14.7&#8243; _module_preset=&#8220;default&#8220; global_colors_info=&#8220;{}&#8220;][\/et_pb_image][et_pb_text _builder_version=&#8220;4.14.7&#8243; _module_preset=&#8220;default&#8220; text_font=&#8220;|300|||||||&#8220; text_line_height=&#8220;1.2em&#8220; background_layout=&#8220;dark&#8220; global_colors_info=&#8220;{}&#8220;]<\/p>\n<p>PIB: 101052223<\/p>\n<p>MB: 08047642<\/p>\n<p>[\/et_pb_text][\/et_pb_column][et_pb_column type=&#8220;1_4&#8243; _builder_version=&#8220;4.14.7&#8243; _module_preset=&#8220;default&#8220; global_colors_info=&#8220;{}&#8220;][et_pb_text _builder_version=&#8220;4.14.7&#8243; _module_preset=&#8220;default&#8220; text_font=&#8220;|700||on|||||&#8220; text_text_color=&#8220;#FFFFFF&#8220; custom_margin=&#8220;||10px||false|false&#8220; global_colors_info=&#8220;{}&#8220;]<\/p>\n<p>Savetodavni i stru\u010dni poslovi<\/p>\n<p>[\/et_pb_text][et_pb_divider color=&#8220;#95aac8&#8243; divider_weight=&#8220;3px&#8220; _builder_version=&#8220;4.14.7&#8243; _module_preset=&#8220;default&#8220; width=&#8220;50px&#8220; custom_margin=&#8220;||5px||false|false&#8220; global_colors_info=&#8220;{}&#8220;][\/et_pb_divider][et_pb_text _builder_version=&#8220;4.14.7&#8243; _module_preset=&#8220;default&#8220; text_font=&#8220;|300|||||||&#8220; text_line_height=&#8220;1em&#8220; background_layout=&#8220;dark&#8220; global_colors_info=&#8220;{}&#8220;]<\/p>\n<p>Savetodavstvo<\/p>\n<p>Prognozno izve\u0161tajna slu\u017eba<\/p>\n<p>Izdavanje fitosertifikata<\/p>\n<p>Stru\u010dna i zdravstvena kontrola<\/p>\n<p>Program mera za\u0161tite bilja<\/p>\n<p>Poslovi u sto\u010darstvu<\/p>\n<p>[\/et_pb_text][\/et_pb_column][et_pb_column type=&#8220;1_4&#8243; _builder_version=&#8220;4.14.7&#8243; _module_preset=&#8220;default&#8220; global_colors_info=&#8220;{}&#8220;][et_pb_text _builder_version=&#8220;4.14.7&#8243; _module_preset=&#8220;default&#8220; text_font=&#8220;|700||on|||||&#8220; text_text_color=&#8220;#FFFFFF&#8220; custom_margin=&#8220;||10px||false|false&#8220; global_colors_info=&#8220;{}&#8220;]<\/p>\n<p>Kontaktirajte<br \/>Nas<\/p>\n<p>[\/et_pb_text][et_pb_divider color=&#8220;#95aac8&#8243; divider_weight=&#8220;3px&#8220; _builder_version=&#8220;4.14.7&#8243; _module_preset=&#8220;default&#8220; width=&#8220;50px&#8220; custom_margin=&#8220;||5px||false|false&#8220; global_colors_info=&#8220;{}&#8220;][\/et_pb_divider][dsm_icon_list icon_color=&#8220;#95aac8&#8243; list_space_between=&#8220;4px&#8220; _builder_version=&#8220;4.14.7&#8243; _module_preset=&#8220;default&#8220; global_colors_info=&#8220;{}&#8220;][dsm_icon_list_child text=&#8220;+381 13 313 092&#8243; font_icon=&#8220;&#xe090;||divi||400&#8243; icon_color=&#8220;#95aac8&#8243; url=&#8220;tel:+38113313092&#8243; _builder_version=&#8220;4.14.7&#8243; _module_preset=&#8220;default&#8220; text_font=&#8220;|300|||||||&#8220; text_text_color=&#8220;#FFFFFF&#8220; global_colors_info=&#8220;{}&#8220;][\/dsm_icon_list_child][dsm_icon_list_child text=&#8220;+381 13 373 002&#8243; font_icon=&#8220;&#xe090;||divi||400&#8243; icon_color=&#8220;#95aac8&#8243; url=&#8220;tel:+38113373002&#8243; _builder_version=&#8220;4.14.7&#8243; _module_preset=&#8220;default&#8220; text_font=&#8220;|300|||||||&#8220; text_text_color=&#8220;#FFFFFF&#8220; global_colors_info=&#8220;{}&#8220;][\/dsm_icon_list_child][dsm_icon_list_child text=&#8220;office@institut-tamis.rs&#8220; font_icon=&#8220;&#xe010;||divi||400&#8243; icon_color=&#8220;#95aac8&#8243; url=&#8220;mailto:office@institut-tamis.rs&#8220; _builder_version=&#8220;4.14.7&#8243; _module_preset=&#8220;default&#8220; text_font=&#8220;|300|||||||&#8220; text_text_color=&#8220;#FFFFFF&#8220; global_colors_info=&#8220;{}&#8220;][\/dsm_icon_list_child][dsm_icon_list_child text=&#8220;Novoseljanski put 33, Pan\u010devo&#8220; font_icon=&#8220;&#xe081;||divi||400&#8243; icon_color=&#8220;#95aac8&#8243; _builder_version=&#8220;4.14.7&#8243; _module_preset=&#8220;default&#8220; text_font=&#8220;|300|||||||&#8220; text_text_color=&#8220;#FFFFFF&#8220; global_colors_info=&#8220;{}&#8220;][\/dsm_icon_list_child][dsm_icon_list_child text=&#8220;Pon-Pet: 07:00-15:00&#8243; font_icon=&#8220;&#x7d;||divi||400&#8243; icon_color=&#8220;#95aac8&#8243; _builder_version=&#8220;4.14.7&#8243; _module_preset=&#8220;default&#8220; text_font=&#8220;|300|||||||&#8220; text_text_color=&#8220;#FFFFFF&#8220; global_colors_info=&#8220;{}&#8220;][\/dsm_icon_list_child][\/dsm_icon_list][\/et_pb_column][et_pb_column type=&#8220;1_4&#8243; _builder_version=&#8220;4.14.7&#8243; _module_preset=&#8220;default&#8220; global_colors_info=&#8220;{}&#8220;][et_pb_image src=&#8220;https:\/\/institut-tamis.rs\/wp-content\/uploads\/2022\/01\/Institut-Tamis\u030c-Republika-Srbija.png&#8220; title_text=&#8220;Institut Tamis\u030c &#8211; Republika Srbija&#8220; align=&#8220;right&#8220; _builder_version=&#8220;4.14.7&#8243; _module_preset=&#8220;default&#8220; global_colors_info=&#8220;{}&#8220;][\/et_pb_image][\/et_pb_column][\/et_pb_row][et_pb_row _builder_version=&#8220;4.14.7&#8243; _module_preset=&#8220;default&#8220; border_width_top=&#8220;1px&#8220; border_color_top=&#8220;rgba(255,255,255,0.13)&#8220; global_colors_info=&#8220;{}&#8220;][et_pb_column type=&#8220;4_4&#8243; _builder_version=&#8220;4.14.7&#8243; _module_preset=&#8220;default&#8220; global_colors_info=&#8220;{}&#8220;][et_pb_text _builder_version=&#8220;4.14.7&#8243; _module_preset=&#8220;default&#8220; text_font=&#8220;|300|||||||&#8220; text_text_color=&#8220;#FFFFFF&#8220; text_orientation=&#8220;center&#8220; global_colors_info=&#8220;{}&#8220;]<\/p>\n<p>Copyright \u00a92022. PSS Institut Tami\u0161 Pan\u010devo. All rights reserved | Izrada Web sajtova &#8211; Web servis naKlik<\/p>\n<p>[\/et_pb_text][\/et_pb_column][\/et_pb_row][\/et_pb_section]<\/p>\n","protected":false},"excerpt":{"rendered":"<p>Prognozno izve\u0161tajna slu\u017ebaPIB: 101052223 MB: 08047642Savetodavni i stru\u010dni posloviSavetodavstvo Prognozno izve\u0161tajna slu\u017eba Izdavanje fitosertifikata Stru\u010dna i zdravstvena kontrola Program mera za\u0161tite bilja Poslovi u sto\u010darstvuKontaktirajteNas<div class=\"et_pb_module dsm_icon_list dsm_icon_list_0\">\n\t\t\t\t\n\t\t\t\t\n\t\t\t\t\n\t\t\t\t\n\t\t\t\t\n\t\t\t\t\n\t\t\t\t<div class=\"et_pb_module_inner\">\n\t\t\t\t\t<ul class=\"dsm_icon_list_items dsm_icon_list_ltr_direction dsm_icon_list_layout_vertical\"><\/ul>\n\t\t\t\t<\/div>\n\t\t\t<\/div><li class=\"dsm_icon_list_child dsm_icon_list_child_0\">\n\t\t\t\t\n\t\t\t\t\n\t\t\t\t\n\t\t\t\t\n\t\t\t\t<a href=\"tel:+38113313092\"><span class=\"dsm_icon_list_wrapper\"><span class=\"dsm_icon_list_icon\">\ue090<\/span><\/span><span class=\"dsm_icon_list_text\">+381 13 313 092<\/span><\/a>\n\t\t\t<\/li><li class=\"dsm_icon_list_child dsm_icon_list_child_1\">\n\t\t\t\t\n\t\t\t\t\n\t\t\t\t\n\t\t\t\t\n\t\t\t\t<a href=\"tel:+38113373002\"><span class=\"dsm_icon_list_wrapper\"><span class=\"dsm_icon_list_icon\">\ue090<\/span><\/span><span class=\"dsm_icon_list_text\">+381 13 373 002<\/span><\/a>\n\t\t\t<\/li><li class=\"dsm_icon_list_child dsm_icon_list_child_2\">\n\t\t\t\t\n\t\t\t\t\n\t\t\t\t\n\t\t\t\t\n\t\t\t\t<span class=\"dsm_icon_list_wrapper\"><span class=\"dsm_icon_list_icon\">P<\/span><\/span><span class=\"dsm_icon_list_text\">&#8220;office@institut-tamis.rs&#8220;<\/span>\n\t\t\t<\/li><\/p>","protected":false},"author":5,"featured_media":0,"parent":0,"menu_order":0,"comment_status":"closed","ping_status":"closed","template":"","meta":{"_et_pb_use_builder":"on","_et_pb_old_content":"","_et_gb_content_width":"","footnotes":""},"dipi_cpt_category":[],"class_list":["post-209815","page","type-page","status-publish","hentry"],"rttpg_featured_image_url":null,"rttpg_author":{"display_name":"Aleksa Bla\u017ei\u0107","author_link":"https:\/\/institut-tamis.rs\/en\/author\/aleksa\/"},"rttpg_comment":0,"rttpg_category":false,"rttpg_excerpt":"Prognozno izve\u0161tajna slu\u017ebaPIB: 101052223 MB: 08047642Savetodavni i stru\u010dni posloviSavetodavstvo Prognozno izve\u0161tajna slu\u017eba Izdavanje fitosertifikata Stru\u010dna i zdravstvena kontrola Program mera za\u0161tite bilja Poslovi u sto\u010darstvuKontaktirajteNas[dsm_icon_list icon_color=\"#95aac8\" list_space_between=\"4px\" _builder_version=\"4.14.7\" _module_preset=\"default\" global_colors_info=\"{}\"][dsm_icon_list_child text=\"+381 13 313 092\" font_icon=\"&#xe090;||divi||400\" icon_color=\"#95aac8\" url=\"tel:+38113313092\" _builder_version=\"4.14.7\" _module_preset=\"default\" text_font=\"|300|||||||\" text_text_color=\"#FFFFFF\" global_colors_info=\"{}\"][\/dsm_icon_list_child][dsm_icon_list_child text=\"+381 13 373 002\" font_icon=\"&#xe090;||divi||400\" icon_color=\"#95aac8\" url=\"tel:+38113373002\" _builder_version=\"4.14.7\" _module_preset=\"default\" text_font=\"|300|||||||\" text_text_color=\"#FFFFFF\" global_colors_info=\"{}\"][\/dsm_icon_list_child][dsm_icon_list_child text=\"office@institut-tamis.rs\"&hellip;","_links":{"self":[{"href":"https:\/\/institut-tamis.rs\/en\/wp-json\/wp\/v2\/pages\/209815","targetHints":{"allow":["GET"]}}],"collection":[{"href":"https:\/\/institut-tamis.rs\/en\/wp-json\/wp\/v2\/pages"}],"about":[{"href":"https:\/\/institut-tamis.rs\/en\/wp-json\/wp\/v2\/types\/page"}],"author":[{"embeddable":true,"href":"https:\/\/institut-tamis.rs\/en\/wp-json\/wp\/v2\/users\/5"}],"replies":[{"embeddable":true,"href":"https:\/\/institut-tamis.rs\/en\/wp-json\/wp\/v2\/comments?post=209815"}],"version-history":[{"count":3,"href":"https:\/\/institut-tamis.rs\/en\/wp-json\/wp\/v2\/pages\/209815\/revisions"}],"predecessor-version":[{"id":209823,"href":"https:\/\/institut-tamis.rs\/en\/wp-json\/wp\/v2\/pages\/209815\/revisions\/209823"}],"wp:attachment":[{"href":"https:\/\/institut-tamis.rs\/en\/wp-json\/wp\/v2\/media?parent=209815"}],"wp:term":[{"taxonomy":"dipi_cpt_category","embeddable":true,"href":"https:\/\/institut-tamis.rs\/en\/wp-json\/wp\/v2\/dipi_cpt_category?post=209815"}],"curies":[{"name":"wp","href":"https:\/\/api.w.org\/{rel}","templated":true}]}}