{"id":208441,"date":"2022-02-02T14:04:33","date_gmt":"2022-02-02T13:04:33","guid":{"rendered":"https:\/\/www.demo3.naklik.rs\/?page_id=208441"},"modified":"2022-11-17T17:41:09","modified_gmt":"2022-11-17T16:41:09","slug":"laboratorija-tamis-agrolab","status":"publish","type":"page","link":"https:\/\/institut-tamis.rs\/en\/laboratorija-tamis-agrolab\/","title":{"rendered":"Tami\u0161 Agrolab Laboratory"},"content":{"rendered":"<p>[et_pb_section fb_built=&#8220;1&#8243; fullwidth=&#8220;on&#8220; _builder_version=&#8220;4.14.7&#8243; _module_preset=&#8220;default&#8220; global_colors_info=&#8220;{}&#8220;][et_pb_fullwidth_header title=&#8220;Laboratorija Tami\u0161 Agrolab&#8220; button_one_text=&#8220;Zahtev za ispitivanje&#8220; button_one_url=&#8220;https:\/\/institut-tamis.rs\/wp-content\/uploads\/2022\/02\/Zahtev-za-ispitivanje.pdf&#8220; button_two_text=&#8220;Prijava za uzimanje uzorka&#8220; button_two_url=&#8220;https:\/\/institut-tamis.rs\/wp-content\/uploads\/2022\/02\/Prijava-za-uzimanje-uzorka.pdf&#8220; content_max_width=&#8220;70%&#8220; _builder_version=&#8220;4.14.7&#8243; _module_preset=&#8220;default&#8220; title_font=&#8220;|700|||||||&#8220; title_font_size=&#8220;56px&#8220; background_color=&#8220;#95aac8&#8243; link_option_url_new_window=&#8220;on&#8220; global_colors_info=&#8220;{}&#8220;]<\/p>\n<p>Sa sve\u0161\u0107u da se bezbednost i kvalitet stvara u svim segmentima delatnosti ljudi, smatramo da kontrola kvaliteta \u010dini sastavni deo \u017eivota. Imaju\u0107i to u vidu, Laboratorija \u201eTami\u0161 Agrolab\u201c je uspostavljanjem i po\u0161tovanjem politike kvaliteta laboratorije usaglasila svoju delatnost sa svim zahtevima standarda SRPS ISO\/IEC 17025:2017.<\/p>\n<p>[\/et_pb_fullwidth_header][\/et_pb_section][et_pb_section fb_built=&#8220;1&#8243; _builder_version=&#8220;4.14.7&#8243; _module_preset=&#8220;default&#8220; custom_padding=&#8220;0px||||false|false&#8220; global_colors_info=&#8220;{}&#8220;][et_pb_row column_structure=&#8220;1_3,1_3,1_3&#8243; make_equal=&#8220;on&#8220; _builder_version=&#8220;4.14.7&#8243; _module_preset=&#8220;default&#8220; global_colors_info=&#8220;{}&#8220;][et_pb_column type=&#8220;1_3&#8243; _builder_version=&#8220;4.14.7&#8243; _module_preset=&#8220;default&#8220; background_color=&#8220;#95aac8&#8243; custom_padding=&#8220;25px|20px|25px|20px|true|true&#8220; global_colors_info=&#8220;{}&#8220;][et_pb_text _builder_version=&#8220;4.14.7&#8243; _module_preset=&#8220;default&#8220; header_2_text_color=&#8220;#FFFFFF&#8220; header_2_font_size=&#8220;24px&#8220; custom_margin=&#8220;||10px||false|false&#8220; global_colors_info=&#8220;{}&#8220;]<\/p>\n<h2>Akreditacija:<\/h2>\n<p>[\/et_pb_text][et_pb_divider color=&#8220;#ffffff&#8220; divider_weight=&#8220;3px&#8220; _builder_version=&#8220;4.14.7&#8243; _module_preset=&#8220;default&#8220; width=&#8220;50px&#8220; custom_margin=&#8220;||0px||false|false&#8220; global_colors_info=&#8220;{}&#8220;][\/et_pb_divider][et_pb_text _builder_version=&#8220;4.14.7&#8243; _module_preset=&#8220;default&#8220; ul_line_height=&#8220;2em&#8220; background_layout=&#8220;dark&#8220; hover_enabled=&#8220;0&#8243; global_colors_info=&#8220;{}&#8220; sticky_enabled=&#8220;0&#8243;]Akreditacija prema standardu SRPS ISO IEC 17025:2017<\/p>\n<ul>\n<li><a href=\"https:\/\/institut-tamis.rs\/wp-content\/uploads\/2022\/11\/obim-akreditacija-institu-tamis.pdf\" target=\"_blank\" rel=\"noopener\" title=\"Obim akreditacije u PDF formatu\">Obim akreditacije<\/a><\/li>\n<li><a href=\"https:\/\/institut-tamis.rs\/wp-content\/uploads\/2022\/11\/sertifikat-akreditacija-za-institut-tamis.pdf\" target=\"_blank\" rel=\"noopener\" title=\"Sertifikat o akreditaciji u PDF formatu\">Sertifikat o akreditaciji SRPS ISO IEC 17025:2017<\/a><\/li>\n<li>Link sa ATS-om<\/li>\n<\/ul>\n<p>&nbsp;[\/et_pb_text][\/et_pb_column][et_pb_column type=&#8220;1_3&#8243; _builder_version=&#8220;4.14.7&#8243; _module_preset=&#8220;default&#8220; custom_padding=&#8220;15px||15px||true|false&#8220; global_colors_info=&#8220;{}&#8220;][et_pb_text _builder_version=&#8220;4.14.7&#8243; _module_preset=&#8220;default&#8220; header_2_font_size=&#8220;24px&#8220; custom_margin=&#8220;||10px||false|false&#8220; global_colors_info=&#8220;{}&#8220;]<\/p>\n<h2>Organizacione celine laboratorije&#8220;Tami\u0161 Agrolab&#8220;<\/h2>\n<p>[\/et_pb_text][et_pb_divider divider_weight=&#8220;3px&#8220; _builder_version=&#8220;4.14.7&#8243; _module_preset=&#8220;default&#8220; width=&#8220;50px&#8220; custom_margin=&#8220;||0px||false|false&#8220; global_colors_info=&#8220;{}&#8220;][\/et_pb_divider][et_pb_blurb title=&#8220;Fitonematolo\u0161ka laboratorija&#8220; icon_placement=&#8220;left&#8220; image_icon_width=&#8220;20px&#8220; _builder_version=&#8220;4.14.7&#8243; _module_preset=&#8220;default&#8220; header_level=&#8220;h2&#8243; header_font=&#8220;||||||||&#8220; header_text_color=&#8220;#FFFFFF&#8220; header_font_size=&#8220;16px&#8220; background_color=&#8220;#95aac8&#8243; image_icon_custom_margin=&#8220;|-25px||25px|false|false&#8220; module_alignment=&#8220;center&#8220; custom_margin=&#8220;||15px||false|false&#8220; custom_padding=&#8220;10px|12px|5px|12px|false|true&#8220; custom_css_blurb_title=&#8220;margin-top:3px;&#8220; border_radii=&#8220;off|25px||25px|&#8220; global_colors_info=&#8220;{}&#8220; background__hover_enabled=&#8220;on|hover&#8220; background_color__hover=&#8220;#0367bf&#8220; background_enable_color__hover=&#8220;on&#8220;][\/et_pb_blurb][et_pb_blurb title=&#8220;Laboratorija za ispitivanje semena&#8220; icon_placement=&#8220;left&#8220; image_icon_width=&#8220;20px&#8220; _builder_version=&#8220;4.14.7&#8243; _module_preset=&#8220;default&#8220; header_level=&#8220;h2&#8243; header_font=&#8220;||||||||&#8220; header_text_color=&#8220;#FFFFFF&#8220; header_font_size=&#8220;16px&#8220; background_color=&#8220;#95aac8&#8243; image_icon_custom_margin=&#8220;|-25px||25px|false|false&#8220; module_alignment=&#8220;center&#8220; custom_margin=&#8220;||15px||false|false&#8220; custom_padding=&#8220;10px|12px|5px|12px|false|true&#8220; custom_css_blurb_title=&#8220;margin-top:3px;&#8220; border_radii=&#8220;off|25px||25px|&#8220; global_colors_info=&#8220;{}&#8220; background__hover_enabled=&#8220;on|hover&#8220; background_color__hover=&#8220;#0367bf&#8220; background_enable_color__hover=&#8220;on&#8220;][\/et_pb_blurb][et_pb_blurb title=&#8220;Laboratorija za ispitivanje zemlji\u0161ta&#8220; icon_placement=&#8220;left&#8220; image_icon_width=&#8220;20px&#8220; _builder_version=&#8220;4.14.7&#8243; _module_preset=&#8220;default&#8220; header_level=&#8220;h2&#8243; header_font=&#8220;||||||||&#8220; header_text_color=&#8220;#FFFFFF&#8220; header_font_size=&#8220;16px&#8220; background_color=&#8220;#95aac8&#8243; image_icon_custom_margin=&#8220;|-25px||25px|false|false&#8220; module_alignment=&#8220;center&#8220; custom_margin=&#8220;||15px||false|false&#8220; custom_padding=&#8220;10px|12px|5px|12px|false|true&#8220; custom_css_blurb_title=&#8220;margin-top:3px;&#8220; border_radii=&#8220;off|25px||25px|&#8220; global_colors_info=&#8220;{}&#8220; background__hover_enabled=&#8220;on|hover&#8220; background_color__hover=&#8220;#0367bf&#8220; background_enable_color__hover=&#8220;on&#8220;][\/et_pb_blurb][et_pb_blurb title=&#8220;Hemijska laboratorija&#8220; icon_placement=&#8220;left&#8220; image_icon_width=&#8220;20px&#8220; _builder_version=&#8220;4.14.7&#8243; _module_preset=&#8220;default&#8220; header_level=&#8220;h2&#8243; header_font=&#8220;||||||||&#8220; header_text_color=&#8220;#FFFFFF&#8220; header_font_size=&#8220;16px&#8220; background_color=&#8220;#95aac8&#8243; image_icon_custom_margin=&#8220;|-25px||25px|false|false&#8220; module_alignment=&#8220;center&#8220; custom_margin=&#8220;||15px||false|false&#8220; custom_padding=&#8220;10px|12px|5px|12px|false|true&#8220; custom_css_blurb_title=&#8220;margin-top:3px;&#8220; border_radii=&#8220;off|25px||25px|&#8220; global_colors_info=&#8220;{}&#8220; background__hover_enabled=&#8220;on|hover&#8220; background_color__hover=&#8220;#0367bf&#8220; background_enable_color__hover=&#8220;on&#8220;][\/et_pb_blurb][et_pb_blurb title=&#8220;Op\u0161te informacije&#8220; icon_placement=&#8220;left&#8220; image_icon_width=&#8220;20px&#8220; _builder_version=&#8220;4.14.7&#8243; _module_preset=&#8220;default&#8220; header_level=&#8220;h2&#8243; header_font=&#8220;||||||||&#8220; header_text_color=&#8220;#FFFFFF&#8220; header_font_size=&#8220;16px&#8220; background_color=&#8220;#95aac8&#8243; image_icon_custom_margin=&#8220;|-25px||25px|false|false&#8220; module_alignment=&#8220;center&#8220; custom_margin=&#8220;||15px||false|false&#8220; custom_padding=&#8220;10px|12px|5px|12px|false|true&#8220; custom_css_blurb_title=&#8220;margin-top:3px;&#8220; border_radii=&#8220;off|25px||25px|&#8220; global_colors_info=&#8220;{}&#8220; background__hover_enabled=&#8220;on|hover&#8220; background_color__hover=&#8220;#0367bf&#8220; background_enable_color__hover=&#8220;on&#8220;][\/et_pb_blurb][\/et_pb_column][et_pb_column type=&#8220;1_3&#8243; _builder_version=&#8220;4.14.7&#8243; _module_preset=&#8220;default&#8220; custom_padding=&#8220;15px||15px||true|false&#8220; global_colors_info=&#8220;{}&#8220;][et_pb_text _builder_version=&#8220;4.14.7&#8243; _module_preset=&#8220;default&#8220; header_2_font_size=&#8220;24px&#8220; custom_margin=&#8220;||10px||false|false&#8220; global_colors_info=&#8220;{}&#8220;]<\/p>\n<h2>Dokumenta laboratorije &#8222;Tami\u0161 Agrolab&#8220;<\/h2>\n<p>[\/et_pb_text][et_pb_divider divider_weight=&#8220;3px&#8220; _builder_version=&#8220;4.14.7&#8243; _module_preset=&#8220;default&#8220; width=&#8220;50px&#8220; custom_margin=&#8220;||0px||false|false&#8220; global_colors_info=&#8220;{}&#8220;][\/et_pb_divider][et_pb_blurb title=&#8220;Povratna informacija korisnika&#8220; url=&#8220;https:\/\/institut-tamis.rs\/wp-content\/uploads\/2022\/02\/Povratna-informacija-korisnika.pdf&#8220; url_new_window=&#8220;on&#8220; icon_placement=&#8220;left&#8220; image_icon_width=&#8220;20px&#8220; _builder_version=&#8220;4.14.7&#8243; _module_preset=&#8220;default&#8220; header_level=&#8220;h2&#8243; header_font=&#8220;||||||||&#8220; header_text_color=&#8220;#FFFFFF&#8220; header_font_size=&#8220;16px&#8220; background_color=&#8220;#95aac8&#8243; image_icon_custom_margin=&#8220;|-25px||25px|false|false&#8220; module_alignment=&#8220;center&#8220; custom_margin=&#8220;||15px||false|false&#8220; custom_padding=&#8220;10px|12px|5px|12px|false|true&#8220; custom_css_blurb_title=&#8220;margin-top:3px;&#8220; border_radii=&#8220;off|25px||25px|&#8220; global_colors_info=&#8220;{}&#8220; background__hover_enabled=&#8220;on|hover&#8220; background_color__hover=&#8220;#0367bf&#8220; background_enable_color__hover=&#8220;on&#8220;][\/et_pb_blurb][et_pb_blurb title=&#8220;Obrazac za podno\u0161enje prigovora&#8220; url=&#8220;https:\/\/institut-tamis.rs\/wp-content\/uploads\/2022\/02\/Obrazac-za-podnos\u030cenje-prigovora.pdf&#8220; url_new_window=&#8220;on&#8220; icon_placement=&#8220;left&#8220; image_icon_width=&#8220;20px&#8220; _builder_version=&#8220;4.14.7&#8243; _module_preset=&#8220;default&#8220; header_level=&#8220;h2&#8243; header_font=&#8220;||||||||&#8220; header_text_color=&#8220;#FFFFFF&#8220; header_font_size=&#8220;16px&#8220; background_color=&#8220;#95aac8&#8243; image_icon_custom_margin=&#8220;|-25px||25px|false|false&#8220; module_alignment=&#8220;center&#8220; custom_margin=&#8220;||15px||false|false&#8220; custom_padding=&#8220;10px|12px|5px|12px|false|true&#8220; custom_css_blurb_title=&#8220;margin-top:3px;&#8220; border_radii=&#8220;off|25px||25px|&#8220; global_colors_info=&#8220;{}&#8220; background__hover_enabled=&#8220;on|hover&#8220; background_color__hover=&#8220;#0367bf&#8220; background_enable_color__hover=&#8220;on&#8220;][\/et_pb_blurb][et_pb_blurb title=&#8220;Procedura za prigovore&#8220; url=&#8220;https:\/\/institut-tamis.rs\/wp-content\/uploads\/2022\/02\/TAL-2-006-PROCEDURA-ZA-PRIGOVORE.pdf&#8220; url_new_window=&#8220;on&#8220; icon_placement=&#8220;left&#8220; image_icon_width=&#8220;20px&#8220; _builder_version=&#8220;4.14.7&#8243; _module_preset=&#8220;default&#8220; header_level=&#8220;h2&#8243; header_font=&#8220;||||||||&#8220; header_text_color=&#8220;#FFFFFF&#8220; header_font_size=&#8220;16px&#8220; background_color=&#8220;#95aac8&#8243; image_icon_custom_margin=&#8220;|-25px||25px|false|false&#8220; module_alignment=&#8220;center&#8220; custom_margin=&#8220;||15px||false|false&#8220; custom_padding=&#8220;10px|12px|5px|12px|false|true&#8220; custom_css_blurb_title=&#8220;margin-top:3px;&#8220; border_radii=&#8220;off|25px||25px|&#8220; global_colors_info=&#8220;{}&#8220; background__hover_enabled=&#8220;on|hover&#8220; background_color__hover=&#8220;#0367bf&#8220; background_enable_color__hover=&#8220;on&#8220;][\/et_pb_blurb][et_pb_blurb title=&#8220;Izve\u0161tavanje u vezi sa izjavom o usagla\u0161enosti&#8220; url=&#8220;https:\/\/institut-tamis.rs\/wp-content\/uploads\/2022\/02\/izvestabanje-veza-izjava-usaglas.pdf&#8220; url_new_window=&#8220;on&#8220; icon_placement=&#8220;left&#8220; image_icon_width=&#8220;20px&#8220; _builder_version=&#8220;4.14.7&#8243; _module_preset=&#8220;default&#8220; header_level=&#8220;h2&#8243; header_font=&#8220;||||||||&#8220; header_text_color=&#8220;#FFFFFF&#8220; header_font_size=&#8220;16px&#8220; background_color=&#8220;#95aac8&#8243; image_icon_custom_margin=&#8220;|-25px||25px|false|false&#8220; module_alignment=&#8220;center&#8220; custom_margin=&#8220;||15px||false|false&#8220; custom_padding=&#8220;10px|12px|5px|12px|false|true&#8220; link_option_url_new_window=&#8220;on&#8220; custom_css_blurb_title=&#8220;margin-top:3px;&#8220; border_radii=&#8220;off|25px||25px|&#8220; global_colors_info=&#8220;{}&#8220; background__hover_enabled=&#8220;on|hover&#8220; background_color__hover=&#8220;#0367bf&#8220; background_enable_color__hover=&#8220;on&#8220;][\/et_pb_blurb][et_pb_blurb title=&#8220;Politika kvaliteta laboratorije&#8220; url=&#8220;https:\/\/institut-tamis.rs\/wp-content\/uploads\/2022\/02\/politika-kvaliteta-laboratorije.pdf&#8220; url_new_window=&#8220;on&#8220; icon_placement=&#8220;left&#8220; image_icon_width=&#8220;20px&#8220; _builder_version=&#8220;4.14.7&#8243; _module_preset=&#8220;default&#8220; header_level=&#8220;h2&#8243; header_font=&#8220;||||||||&#8220; header_text_color=&#8220;#FFFFFF&#8220; header_font_size=&#8220;16px&#8220; background_color=&#8220;#95aac8&#8243; image_icon_custom_margin=&#8220;|-25px||25px|false|false&#8220; module_alignment=&#8220;center&#8220; custom_margin=&#8220;||15px||false|false&#8220; custom_padding=&#8220;10px|12px|5px|12px|false|true&#8220; custom_css_blurb_title=&#8220;margin-top:3px;&#8220; border_radii=&#8220;off|25px||25px|&#8220; global_colors_info=&#8220;{}&#8220; background__hover_enabled=&#8220;on|hover&#8220; background_color__hover=&#8220;#0367bf&#8220; background_enable_color__hover=&#8220;on&#8220;][\/et_pb_blurb][et_pb_blurb title=&#8220;Politika po\u0161tovanja nepristrasnosti i obezbe\u0111ivanja poverljivosti&#8220; url=&#8220;https:\/\/institut-tamis.rs\/wp-content\/uploads\/2022\/02\/politika-postovanja-nepristrasnosti.pdf&#8220; url_new_window=&#8220;on&#8220; icon_placement=&#8220;left&#8220; image_icon_width=&#8220;20px&#8220; _builder_version=&#8220;4.14.7&#8243; _module_preset=&#8220;default&#8220; header_level=&#8220;h2&#8243; header_font=&#8220;||||||||&#8220; header_text_color=&#8220;#FFFFFF&#8220; header_font_size=&#8220;16px&#8220; background_color=&#8220;#95aac8&#8243; image_icon_custom_margin=&#8220;|-25px||25px|false|false&#8220; module_alignment=&#8220;center&#8220; custom_margin=&#8220;||15px||false|false&#8220; custom_padding=&#8220;10px|12px|5px|12px|false|true&#8220; custom_css_blurb_title=&#8220;margin-top:3px;&#8220; border_radii=&#8220;off|25px||25px|&#8220; global_colors_info=&#8220;{}&#8220; background__hover_enabled=&#8220;on|hover&#8220; background_color__hover=&#8220;#0367bf&#8220; background_enable_color__hover=&#8220;on&#8220;][\/et_pb_blurb][\/et_pb_column][\/et_pb_row][\/et_pb_section][et_pb_section fb_built=&#8220;1&#8243; _builder_version=&#8220;4.14.7&#8243; _module_preset=&#8220;default&#8220; background_color=&#8220;#333a4b&#8220; custom_padding=&#8220;||0px|||&#8220; global_module=&#8220;208285&#8243; saved_tabs=&#8220;all&#8220; global_colors_info=&#8220;{}&#8220;][et_pb_row column_structure=&#8220;1_4,1_4,1_4,1_4&#8243; _builder_version=&#8220;4.14.7&#8243; _module_preset=&#8220;default&#8220; global_colors_info=&#8220;{}&#8220;][et_pb_column type=&#8220;1_4&#8243; _builder_version=&#8220;4.14.7&#8243; _module_preset=&#8220;default&#8220; global_colors_info=&#8220;{}&#8220;][et_pb_image src=&#8220;https:\/\/institut-tamis.rs\/wp-content\/uploads\/2022\/02\/PSS-Institut-Tamis\u030c-logo-zeleni.png&#8220; alt=&#8220;Logotip instituta Tami\u0161&#8220; title_text=&#8220;PSS-Institut-Tamis\u030c-logo-zeleni&#8220; _builder_version=&#8220;4.14.7&#8243; _module_preset=&#8220;default&#8220; global_colors_info=&#8220;{}&#8220;][\/et_pb_image][et_pb_text _builder_version=&#8220;4.14.7&#8243; _module_preset=&#8220;default&#8220; text_font=&#8220;|300|||||||&#8220; text_line_height=&#8220;1.2em&#8220; background_layout=&#8220;dark&#8220; global_colors_info=&#8220;{}&#8220;]<\/p>\n<p>PIB: 101052223<\/p>\n<p>MB: 08047642<\/p>\n<p>[\/et_pb_text][\/et_pb_column][et_pb_column type=&#8220;1_4&#8243; _builder_version=&#8220;4.14.7&#8243; _module_preset=&#8220;default&#8220; global_colors_info=&#8220;{}&#8220;][et_pb_text _builder_version=&#8220;4.14.7&#8243; _module_preset=&#8220;default&#8220; text_font=&#8220;|700||on|||||&#8220; text_text_color=&#8220;#FFFFFF&#8220; custom_margin=&#8220;||10px||false|false&#8220; global_colors_info=&#8220;{}&#8220;]<\/p>\n<p>Savetodavni i stru\u010dni poslovi<\/p>\n<p>[\/et_pb_text][et_pb_divider color=&#8220;#95aac8&#8243; divider_weight=&#8220;3px&#8220; _builder_version=&#8220;4.14.7&#8243; _module_preset=&#8220;default&#8220; width=&#8220;50px&#8220; custom_margin=&#8220;||5px||false|false&#8220; global_colors_info=&#8220;{}&#8220;][\/et_pb_divider][et_pb_text _builder_version=&#8220;4.14.7&#8243; _module_preset=&#8220;default&#8220; text_font=&#8220;|300|||||||&#8220; text_line_height=&#8220;1em&#8220; link_text_color=&#8220;#FFFFFF&#8220; background_layout=&#8220;dark&#8220; global_colors_info=&#8220;{}&#8220; link_text_color__hover_enabled=&#8220;on|hover&#8220; link_text_color__hover=&#8220;#0C71C3&#8243;]<\/p>\n<p><a href=\"https:\/\/institut-tamis.rs\/category\/savetodavstvo\/\">Savetodavstvo<\/a><\/p>\n<p><a href=\"https:\/\/institut-tamis.rs\/pis-tamis\/\">Prognozno izve\u0161tajna slu\u017eba<\/a><\/p>\n<p><a href=\"https:\/\/institut-tamis.rs\/?et_fb=1&amp;PageSpeed=off#\">Izdavanje fitosertifikata<\/a><\/p>\n<p><a href=\"https:\/\/institut-tamis.rs\/category\/strucna-i-zdravstvena-kontrola-semena\/\">Stru\u010dna i zdravstvena kontrola<\/a><\/p>\n<p><a href=\"https:\/\/institut-tamis.rs\/category\/program-mere-zastite-bilja\/\">Program mera za\u0161tite bilja<\/a><\/p>\n<p><a href=\"https:\/\/institut-tamis.rs\/poslovi-u-stocarstvu\/\">Poslovi u sto\u010darstvu<\/a><\/p>\n<p>[\/et_pb_text][\/et_pb_column][et_pb_column type=&#8220;1_4&#8243; _builder_version=&#8220;4.14.7&#8243; _module_preset=&#8220;default&#8220; global_colors_info=&#8220;{}&#8220;][et_pb_text _builder_version=&#8220;4.14.7&#8243; _module_preset=&#8220;default&#8220; text_font=&#8220;|700||on|||||&#8220; text_text_color=&#8220;#FFFFFF&#8220; custom_margin=&#8220;||10px||false|false&#8220; global_colors_info=&#8220;{}&#8220;]<\/p>\n<p>Kontaktirajte<br \/>Nas<\/p>\n<p>[\/et_pb_text][et_pb_divider color=&#8220;#95aac8&#8243; divider_weight=&#8220;3px&#8220; _builder_version=&#8220;4.14.7&#8243; _module_preset=&#8220;default&#8220; width=&#8220;50px&#8220; custom_margin=&#8220;||5px||false|false&#8220; global_colors_info=&#8220;{}&#8220;][\/et_pb_divider][dsm_icon_list icon_color=&#8220;#95aac8&#8243; list_space_between=&#8220;4px&#8220; _builder_version=&#8220;4.14.7&#8243; _module_preset=&#8220;default&#8220; global_colors_info=&#8220;{}&#8220;][dsm_icon_list_child text=&#8220;+381 13 313 092&#8243; font_icon=&#8220;&#xe090;||divi||400&#8243; icon_color=&#8220;#95aac8&#8243; url=&#8220;tel:+38113313092&#8243; _builder_version=&#8220;4.14.7&#8243; _module_preset=&#8220;default&#8220; text_font=&#8220;|300|||||||&#8220; text_text_color=&#8220;#FFFFFF&#8220; global_colors_info=&#8220;{}&#8220;][\/dsm_icon_list_child][dsm_icon_list_child text=&#8220;+381 13 373 002&#8243; font_icon=&#8220;&#xe090;||divi||400&#8243; icon_color=&#8220;#95aac8&#8243; url=&#8220;tel:+38113373002&#8243; _builder_version=&#8220;4.14.7&#8243; _module_preset=&#8220;default&#8220; text_font=&#8220;|300|||||||&#8220; text_text_color=&#8220;#FFFFFF&#8220; global_colors_info=&#8220;{}&#8220;][\/dsm_icon_list_child][dsm_icon_list_child text=&#8220;office@institut-tamis.rs&#8220; font_icon=&#8220;&#xe010;||divi||400&#8243; icon_color=&#8220;#95aac8&#8243; url=&#8220;mailto:office@institut-tamis.rs&#8220; _builder_version=&#8220;4.14.7&#8243; _module_preset=&#8220;default&#8220; text_font=&#8220;|300|||||||&#8220; text_text_color=&#8220;#FFFFFF&#8220; global_colors_info=&#8220;{}&#8220;][\/dsm_icon_list_child][dsm_icon_list_child text=&#8220;Novoseljanski put 33, Pan\u010devo&#8220; font_icon=&#8220;&#xe081;||divi||400&#8243; icon_color=&#8220;#95aac8&#8243; _builder_version=&#8220;4.14.7&#8243; _module_preset=&#8220;default&#8220; text_font=&#8220;|300|||||||&#8220; text_text_color=&#8220;#FFFFFF&#8220; global_colors_info=&#8220;{}&#8220;][\/dsm_icon_list_child][dsm_icon_list_child text=&#8220;Pon-Pet: 07:00-15:00&#8243; font_icon=&#8220;&#x7d;||divi||400&#8243; icon_color=&#8220;#95aac8&#8243; _builder_version=&#8220;4.14.7&#8243; _module_preset=&#8220;default&#8220; text_font=&#8220;|300|||||||&#8220; text_text_color=&#8220;#FFFFFF&#8220; global_colors_info=&#8220;{}&#8220;][\/dsm_icon_list_child][\/dsm_icon_list][\/et_pb_column][et_pb_column type=&#8220;1_4&#8243; _builder_version=&#8220;4.14.7&#8243; _module_preset=&#8220;default&#8220; global_colors_info=&#8220;{}&#8220;][et_pb_image src=&#8220;https:\/\/institut-tamis.rs\/wp-content\/uploads\/2022\/01\/Institut-Tamis\u030c-Republika-Srbija.png&#8220; title_text=&#8220;Institut Tamis\u030c &#8211; Republika Srbija&#8220; align=&#8220;right&#8220; _builder_version=&#8220;4.14.7&#8243; _module_preset=&#8220;default&#8220; global_colors_info=&#8220;{}&#8220;][\/et_pb_image][\/et_pb_column][\/et_pb_row][et_pb_row _builder_version=&#8220;4.14.7&#8243; _module_preset=&#8220;default&#8220; border_width_top=&#8220;1px&#8220; border_color_top=&#8220;rgba(255,255,255,0.13)&#8220; global_colors_info=&#8220;{}&#8220;][et_pb_column type=&#8220;4_4&#8243; _builder_version=&#8220;4.14.7&#8243; _module_preset=&#8220;default&#8220; global_colors_info=&#8220;{}&#8220;][et_pb_text _builder_version=&#8220;4.14.7&#8243; _module_preset=&#8220;default&#8220; text_font=&#8220;|300|||||||&#8220; text_text_color=&#8220;#FFFFFF&#8220; text_orientation=&#8220;center&#8220; global_colors_info=&#8220;{}&#8220;]<\/p>\n<p>Copyright \u00a92022. PSS Institut Tami\u0161 Pan\u010devo. All rights reserved | Izrada Web sajtova &#8211; Web servis naKlik<\/p>\n<p>[\/et_pb_text][\/et_pb_column][\/et_pb_row][\/et_pb_section]<\/p>\n","protected":false},"excerpt":{"rendered":"<p>Sa sve\u0161\u0107u da se bezbednost i kvalitet stvara u svim segmentima delatnosti ljudi, smatramo da kontrola kvaliteta \u010dini sastavni deo \u017eivota. Imaju\u0107i to u vidu, Laboratorija \u201eTami\u0161 Agrolab\u201c je uspostavljanjem i po\u0161tovanjem politike kvaliteta laboratorije usaglasila svoju delatnost sa svim zahtevima standarda SRPS ISO\/IEC 17025:2017.Akreditacija:Akreditacija prema standardu SRPS ISO IEC 17025:2017 Obim akreditacije Sertifikat o [&hellip;]<\/p>\n","protected":false},"author":5,"featured_media":0,"parent":0,"menu_order":0,"comment_status":"closed","ping_status":"closed","template":"","meta":{"_et_pb_use_builder":"on","_et_pb_old_content":"","_et_gb_content_width":"","footnotes":""},"dipi_cpt_category":[],"class_list":["post-208441","page","type-page","status-publish","hentry"],"rttpg_featured_image_url":null,"rttpg_author":{"display_name":"Aleksa Bla\u017ei\u0107","author_link":"https:\/\/institut-tamis.rs\/en\/author\/aleksa\/"},"rttpg_comment":0,"rttpg_category":false,"rttpg_excerpt":"Sa sve\u0161\u0107u da se bezbednost i kvalitet stvara u svim segmentima delatnosti ljudi, smatramo da kontrola kvaliteta \u010dini sastavni deo \u017eivota. Imaju\u0107i to u vidu, Laboratorija \u201eTami\u0161 Agrolab\u201c je uspostavljanjem i po\u0161tovanjem politike kvaliteta laboratorije usaglasila svoju delatnost sa svim zahtevima standarda SRPS ISO\/IEC 17025:2017.Akreditacija:Akreditacija prema standardu SRPS ISO IEC 17025:2017 Obim akreditacije Sertifikat o&hellip;","_links":{"self":[{"href":"https:\/\/institut-tamis.rs\/en\/wp-json\/wp\/v2\/pages\/208441","targetHints":{"allow":["GET"]}}],"collection":[{"href":"https:\/\/institut-tamis.rs\/en\/wp-json\/wp\/v2\/pages"}],"about":[{"href":"https:\/\/institut-tamis.rs\/en\/wp-json\/wp\/v2\/types\/page"}],"author":[{"embeddable":true,"href":"https:\/\/institut-tamis.rs\/en\/wp-json\/wp\/v2\/users\/5"}],"replies":[{"embeddable":true,"href":"https:\/\/institut-tamis.rs\/en\/wp-json\/wp\/v2\/comments?post=208441"}],"version-history":[{"count":6,"href":"https:\/\/institut-tamis.rs\/en\/wp-json\/wp\/v2\/pages\/208441\/revisions"}],"predecessor-version":[{"id":210771,"href":"https:\/\/institut-tamis.rs\/en\/wp-json\/wp\/v2\/pages\/208441\/revisions\/210771"}],"wp:attachment":[{"href":"https:\/\/institut-tamis.rs\/en\/wp-json\/wp\/v2\/media?parent=208441"}],"wp:term":[{"taxonomy":"dipi_cpt_category","embeddable":true,"href":"https:\/\/institut-tamis.rs\/en\/wp-json\/wp\/v2\/dipi_cpt_category?post=208441"}],"curies":[{"name":"wp","href":"https:\/\/api.w.org\/{rel}","templated":true}]}}